{"id":1855,"date":"2019-05-28T11:05:37","date_gmt":"2019-05-28T09:05:37","guid":{"rendered":"https:\/\/www.schencks.com\/objects-for-sale\/"},"modified":"2023-02-15T11:03:29","modified_gmt":"2023-02-15T10:03:29","slug":"objects-for-sale","status":"publish","type":"page","link":"https:\/\/www.schencks.com\/en\/objects-for-sale\/","title":{"rendered":"Objects for sale"},"content":{"rendered":"<p>Through our comprehensive service portfolio, we offer our buyers the opportunity to jointly establish a lucrative and at the same time sustainable operational management. With the help of our accomplished financial experts, we will develop the right investment strategy for you, whether it is in a large arable farm, forestry, an exclusive equestrian facility, or an estate in the countryside.<\/p>\n<p><a href=\"https:\/\/www.schencks.com\/en\/?page_id=1834\">Contact us!<\/a><\/p>\n<p>&nbsp;<\/p>\n","protected":false},"excerpt":{"rendered":"<p>Through our comprehensive service portfolio, we offer our buyers the opportunity to jointly establish a lucrative and at the same time sustainable operational management. With the help of our accomplished financial experts, we will develop the right investment strategy for you, whether it is in a large arable farm, forestry, an exclusive equestrian facility, or [&hellip;]<\/p>\n","protected":false},"author":1,"featured_media":1603,"parent":0,"menu_order":0,"comment_status":"closed","ping_status":"closed","template":"page_alleobjekte.php","meta":{"_acf_changed":false,"_genesis_hide_title":false,"_genesis_hide_breadcrumbs":false,"_genesis_hide_singular_image":false,"_genesis_hide_footer_widgets":false,"_genesis_custom_body_class":"","_genesis_custom_post_class":"","_genesis_layout":"","footnotes":""},"class_list":{"0":"post-1855","1":"page","2":"type-page","3":"status-publish","4":"has-post-thumbnail","6":"entry"},"acf":[],"yoast_head":"<!-- This site is optimized with the Yoast SEO plugin v27.4 - https:\/\/yoast.com\/product\/yoast-seo-wordpress\/ -->\n<title>Objects for sale - SCHENCKS Immobilien<\/title>\n<meta name=\"robots\" content=\"index, follow, max-snippet:-1, max-image-preview:large, max-video-preview:-1\" \/>\n<link rel=\"canonical\" href=\"https:\/\/www.schencks.com\/en\/objects-for-sale\/\" \/>\n<meta property=\"og:locale\" content=\"en_US\" \/>\n<meta property=\"og:type\" content=\"article\" \/>\n<meta property=\"og:title\" content=\"Objects for sale - SCHENCKS Immobilien\" \/>\n<meta property=\"og:description\" content=\"Through our comprehensive service portfolio, we offer our buyers the opportunity to jointly establish a lucrative and at the same time sustainable operational management. With the help of our accomplished financial experts, we will develop the right investment strategy for you, whether it is in a large arable farm, forestry, an exclusive equestrian facility, or [&hellip;]\" \/>\n<meta property=\"og:url\" content=\"https:\/\/www.schencks.com\/en\/objects-for-sale\/\" \/>\n<meta property=\"og:site_name\" content=\"SCHENCKS Immobilien\" \/>\n<meta property=\"article:modified_time\" content=\"2023-02-15T10:03:29+00:00\" \/>\n<meta property=\"og:image\" content=\"https:\/\/www.schencks.com\/wp-content\/uploads\/foto_2988.jpg\" \/>\n\t<meta property=\"og:image:width\" content=\"1000\" \/>\n\t<meta property=\"og:image:height\" content=\"667\" \/>\n\t<meta property=\"og:image:type\" content=\"image\/jpeg\" \/>\n<meta name=\"twitter:card\" content=\"summary_large_image\" \/>\n<script type=\"application\/ld+json\" class=\"yoast-schema-graph\">{\"@context\":\"https:\\\/\\\/schema.org\",\"@graph\":[{\"@type\":\"WebPage\",\"@id\":\"https:\\\/\\\/www.schencks.com\\\/en\\\/objects-for-sale\\\/\",\"url\":\"https:\\\/\\\/www.schencks.com\\\/en\\\/objects-for-sale\\\/\",\"name\":\"Objects for sale - SCHENCKS Immobilien\",\"isPartOf\":{\"@id\":\"https:\\\/\\\/www.schencks.com\\\/en\\\/#website\"},\"primaryImageOfPage\":{\"@id\":\"https:\\\/\\\/www.schencks.com\\\/en\\\/objects-for-sale\\\/#primaryimage\"},\"image\":{\"@id\":\"https:\\\/\\\/www.schencks.com\\\/en\\\/objects-for-sale\\\/#primaryimage\"},\"thumbnailUrl\":\"https:\\\/\\\/www.schencks.com\\\/wp-content\\\/uploads\\\/foto_2988.jpg\",\"datePublished\":\"2019-05-28T09:05:37+00:00\",\"dateModified\":\"2023-02-15T10:03:29+00:00\",\"breadcrumb\":{\"@id\":\"https:\\\/\\\/www.schencks.com\\\/en\\\/objects-for-sale\\\/#breadcrumb\"},\"inLanguage\":\"en-US\",\"potentialAction\":[{\"@type\":\"ReadAction\",\"target\":[\"https:\\\/\\\/www.schencks.com\\\/en\\\/objects-for-sale\\\/\"]}]},{\"@type\":\"ImageObject\",\"inLanguage\":\"en-US\",\"@id\":\"https:\\\/\\\/www.schencks.com\\\/en\\\/objects-for-sale\\\/#primaryimage\",\"url\":\"https:\\\/\\\/www.schencks.com\\\/wp-content\\\/uploads\\\/foto_2988.jpg\",\"contentUrl\":\"https:\\\/\\\/www.schencks.com\\\/wp-content\\\/uploads\\\/foto_2988.jpg\",\"width\":1000,\"height\":667,\"caption\":\"Use of rights: Use of rights: ENGEL&amp;V\u00d6LKERS SCHENCKS Land- und Forstimmobilien GmbH, license partner of Engel &amp; V\u00f6lkers Commercial GmbH, Gro\u00dfe B\u00e4ckerstra\u00dfe 4, D-20095 Hamburg | Author - Photographer: Gabriel Kantorek | Hausfotografie.de | Hohenwischer Str. 115 - 21129 Hamburg | E-Mail: info@hausfotografie.de | Office: +49 40 46642273 Mobil: +49176 20782768 | Fax: +49 40 31768008 | Website: www.hausfotografie.de | USt.ID. No.: DE 278804830 | Owner Mr. Gabriel Kantorek Local Court: Hamburg | Chamber of Crafts Hamburg Business Number: 2930982436 | Patent and Trademark Office, Trademark Number: 302016219505 | Copyright Information: Temporally unlimited for self-promotion and press work, promotional use only with written permission (rights of use in written form). For possibly depicted persons and\\\/or protected brands, their consent must be obtained before publication. By downloading or using a picture, the user accepts the terms and conditions of the photographer, which can be downloaded here: http:\\\/\\\/www.hausfotografie.de | English Version: ENGEL&amp;V\u00d6LKERS SCHENCKS Land- und Forstimmobilien GmbH, Lizenzpartner der Engel &amp; V\u00f6lkers Commercial GmbH, Gro\u00dfe B\u00e4ckerstra\u00dfe 4, D-20095 Hamburg | Commercial use only with written agreement of the photographer. Pictured persons as well as the owners of pictured trademarks etc. must be asked for accordance to publish this photograph. With downloading or using pictures the user accepts the general terms and conditions of delivery and business of the photographer. These can be downloaded here: http:\\\/\\\/www.hausfotografie.de\"},{\"@type\":\"BreadcrumbList\",\"@id\":\"https:\\\/\\\/www.schencks.com\\\/en\\\/objects-for-sale\\\/#breadcrumb\",\"itemListElement\":[{\"@type\":\"ListItem\",\"position\":1,\"name\":\"Startseite\",\"item\":\"https:\\\/\\\/www.schencks.com\\\/en\\\/\"},{\"@type\":\"ListItem\",\"position\":2,\"name\":\"Objects for sale\"}]},{\"@type\":\"WebSite\",\"@id\":\"https:\\\/\\\/www.schencks.com\\\/en\\\/#website\",\"url\":\"https:\\\/\\\/www.schencks.com\\\/en\\\/\",\"name\":\"SCHENCKS Immobilien\",\"description\":\"SCHENCKS Land- und Forstimmobilien\",\"publisher\":{\"@id\":\"https:\\\/\\\/www.schencks.com\\\/en\\\/#organization\"},\"potentialAction\":[{\"@type\":\"SearchAction\",\"target\":{\"@type\":\"EntryPoint\",\"urlTemplate\":\"https:\\\/\\\/www.schencks.com\\\/en\\\/?s={search_term_string}\"},\"query-input\":{\"@type\":\"PropertyValueSpecification\",\"valueRequired\":true,\"valueName\":\"search_term_string\"}}],\"inLanguage\":\"en-US\"},{\"@type\":\"Organization\",\"@id\":\"https:\\\/\\\/www.schencks.com\\\/en\\\/#organization\",\"name\":\"SCHENCKS Immobilien\",\"url\":\"https:\\\/\\\/www.schencks.com\\\/en\\\/\",\"logo\":{\"@type\":\"ImageObject\",\"inLanguage\":\"en-US\",\"@id\":\"https:\\\/\\\/www.schencks.com\\\/en\\\/#\\\/schema\\\/logo\\\/image\\\/\",\"url\":\"https:\\\/\\\/www.schencks.com\\\/wp-content\\\/uploads\\\/logo.jpg\",\"contentUrl\":\"https:\\\/\\\/www.schencks.com\\\/wp-content\\\/uploads\\\/logo.jpg\",\"width\":1181,\"height\":307,\"caption\":\"SCHENCKS Immobilien\"},\"image\":{\"@id\":\"https:\\\/\\\/www.schencks.com\\\/en\\\/#\\\/schema\\\/logo\\\/image\\\/\"}}]}<\/script>\n<!-- \/ Yoast SEO plugin. -->","yoast_head_json":{"title":"Objects for sale - SCHENCKS Immobilien","robots":{"index":"index","follow":"follow","max-snippet":"max-snippet:-1","max-image-preview":"max-image-preview:large","max-video-preview":"max-video-preview:-1"},"canonical":"https:\/\/www.schencks.com\/en\/objects-for-sale\/","og_locale":"en_US","og_type":"article","og_title":"Objects for sale - SCHENCKS Immobilien","og_description":"Through our comprehensive service portfolio, we offer our buyers the opportunity to jointly establish a lucrative and at the same time sustainable operational management. With the help of our accomplished financial experts, we will develop the right investment strategy for you, whether it is in a large arable farm, forestry, an exclusive equestrian facility, or [&hellip;]","og_url":"https:\/\/www.schencks.com\/en\/objects-for-sale\/","og_site_name":"SCHENCKS Immobilien","article_modified_time":"2023-02-15T10:03:29+00:00","og_image":[{"width":1000,"height":667,"url":"https:\/\/www.schencks.com\/wp-content\/uploads\/foto_2988.jpg","type":"image\/jpeg"}],"twitter_card":"summary_large_image","schema":{"@context":"https:\/\/schema.org","@graph":[{"@type":"WebPage","@id":"https:\/\/www.schencks.com\/en\/objects-for-sale\/","url":"https:\/\/www.schencks.com\/en\/objects-for-sale\/","name":"Objects for sale - SCHENCKS Immobilien","isPartOf":{"@id":"https:\/\/www.schencks.com\/en\/#website"},"primaryImageOfPage":{"@id":"https:\/\/www.schencks.com\/en\/objects-for-sale\/#primaryimage"},"image":{"@id":"https:\/\/www.schencks.com\/en\/objects-for-sale\/#primaryimage"},"thumbnailUrl":"https:\/\/www.schencks.com\/wp-content\/uploads\/foto_2988.jpg","datePublished":"2019-05-28T09:05:37+00:00","dateModified":"2023-02-15T10:03:29+00:00","breadcrumb":{"@id":"https:\/\/www.schencks.com\/en\/objects-for-sale\/#breadcrumb"},"inLanguage":"en-US","potentialAction":[{"@type":"ReadAction","target":["https:\/\/www.schencks.com\/en\/objects-for-sale\/"]}]},{"@type":"ImageObject","inLanguage":"en-US","@id":"https:\/\/www.schencks.com\/en\/objects-for-sale\/#primaryimage","url":"https:\/\/www.schencks.com\/wp-content\/uploads\/foto_2988.jpg","contentUrl":"https:\/\/www.schencks.com\/wp-content\/uploads\/foto_2988.jpg","width":1000,"height":667,"caption":"Use of rights: Use of rights: ENGEL&amp;V\u00d6LKERS SCHENCKS Land- und Forstimmobilien GmbH, license partner of Engel &amp; V\u00f6lkers Commercial GmbH, Gro\u00dfe B\u00e4ckerstra\u00dfe 4, D-20095 Hamburg | Author - Photographer: Gabriel Kantorek | Hausfotografie.de | Hohenwischer Str. 115 - 21129 Hamburg | E-Mail: info@hausfotografie.de | Office: +49 40 46642273 Mobil: +49176 20782768 | Fax: +49 40 31768008 | Website: www.hausfotografie.de | USt.ID. No.: DE 278804830 | Owner Mr. Gabriel Kantorek Local Court: Hamburg | Chamber of Crafts Hamburg Business Number: 2930982436 | Patent and Trademark Office, Trademark Number: 302016219505 | Copyright Information: Temporally unlimited for self-promotion and press work, promotional use only with written permission (rights of use in written form). For possibly depicted persons and\/or protected brands, their consent must be obtained before publication. By downloading or using a picture, the user accepts the terms and conditions of the photographer, which can be downloaded here: http:\/\/www.hausfotografie.de | English Version: ENGEL&amp;V\u00d6LKERS SCHENCKS Land- und Forstimmobilien GmbH, Lizenzpartner der Engel &amp; V\u00f6lkers Commercial GmbH, Gro\u00dfe B\u00e4ckerstra\u00dfe 4, D-20095 Hamburg | Commercial use only with written agreement of the photographer. Pictured persons as well as the owners of pictured trademarks etc. must be asked for accordance to publish this photograph. With downloading or using pictures the user accepts the general terms and conditions of delivery and business of the photographer. These can be downloaded here: http:\/\/www.hausfotografie.de"},{"@type":"BreadcrumbList","@id":"https:\/\/www.schencks.com\/en\/objects-for-sale\/#breadcrumb","itemListElement":[{"@type":"ListItem","position":1,"name":"Startseite","item":"https:\/\/www.schencks.com\/en\/"},{"@type":"ListItem","position":2,"name":"Objects for sale"}]},{"@type":"WebSite","@id":"https:\/\/www.schencks.com\/en\/#website","url":"https:\/\/www.schencks.com\/en\/","name":"SCHENCKS Immobilien","description":"SCHENCKS Land- und Forstimmobilien","publisher":{"@id":"https:\/\/www.schencks.com\/en\/#organization"},"potentialAction":[{"@type":"SearchAction","target":{"@type":"EntryPoint","urlTemplate":"https:\/\/www.schencks.com\/en\/?s={search_term_string}"},"query-input":{"@type":"PropertyValueSpecification","valueRequired":true,"valueName":"search_term_string"}}],"inLanguage":"en-US"},{"@type":"Organization","@id":"https:\/\/www.schencks.com\/en\/#organization","name":"SCHENCKS Immobilien","url":"https:\/\/www.schencks.com\/en\/","logo":{"@type":"ImageObject","inLanguage":"en-US","@id":"https:\/\/www.schencks.com\/en\/#\/schema\/logo\/image\/","url":"https:\/\/www.schencks.com\/wp-content\/uploads\/logo.jpg","contentUrl":"https:\/\/www.schencks.com\/wp-content\/uploads\/logo.jpg","width":1181,"height":307,"caption":"SCHENCKS Immobilien"},"image":{"@id":"https:\/\/www.schencks.com\/en\/#\/schema\/logo\/image\/"}}]}},"_links":{"self":[{"href":"https:\/\/www.schencks.com\/en\/wp-json\/wp\/v2\/pages\/1855","targetHints":{"allow":["GET"]}}],"collection":[{"href":"https:\/\/www.schencks.com\/en\/wp-json\/wp\/v2\/pages"}],"about":[{"href":"https:\/\/www.schencks.com\/en\/wp-json\/wp\/v2\/types\/page"}],"author":[{"embeddable":true,"href":"https:\/\/www.schencks.com\/en\/wp-json\/wp\/v2\/users\/1"}],"replies":[{"embeddable":true,"href":"https:\/\/www.schencks.com\/en\/wp-json\/wp\/v2\/comments?post=1855"}],"version-history":[{"count":5,"href":"https:\/\/www.schencks.com\/en\/wp-json\/wp\/v2\/pages\/1855\/revisions"}],"predecessor-version":[{"id":2667,"href":"https:\/\/www.schencks.com\/en\/wp-json\/wp\/v2\/pages\/1855\/revisions\/2667"}],"wp:featuredmedia":[{"embeddable":true,"href":"https:\/\/www.schencks.com\/en\/wp-json\/wp\/v2\/media\/1603"}],"wp:attachment":[{"href":"https:\/\/www.schencks.com\/en\/wp-json\/wp\/v2\/media?parent=1855"}],"curies":[{"name":"wp","href":"https:\/\/api.w.org\/{rel}","templated":true}]}}